{"id":13187,"date":"2024-05-15T17:26:23","date_gmt":"2024-05-15T16:26:23","guid":{"rendered":"https:\/\/ilayacare.com\/?page_id=13187"},"modified":"2025-02-04T00:49:25","modified_gmt":"2025-02-03T23:49:25","slug":"recrutement","status":"publish","type":"page","link":"https:\/\/ilayacare.com\/en\/recrutement\/","title":{"rendered":"Recruitment"},"content":{"rendered":"<div data-elementor-type=\"wp-page\" data-elementor-id=\"13187\" class=\"elementor elementor-13187\" data-elementor-post-type=\"page\">\n\t\t\t\t\t\t<section class=\"elementor-section elementor-top-section elementor-element elementor-element-3f0ce104 elementor-section-content-middle elementor-section-full_width elementor-section-height-default elementor-section-height-default qodef-elementor-content-no\" data-id=\"3f0ce104\" data-element_type=\"section\" data-settings=\"{&quot;background_background&quot;:&quot;classic&quot;}\">\n\t\t\t\t\t\t<div class=\"elementor-container elementor-column-gap-no\">\n\t\t\t\t\t<div class=\"elementor-column elementor-col-50 elementor-top-column elementor-element elementor-element-45a82e31\" data-id=\"45a82e31\" data-element_type=\"column\">\n\t\t\t<div class=\"elementor-widget-wrap elementor-element-populated\">\n\t\t\t\t\t\t<div class=\"elementor-element elementor-element-7c97bc42 elementor-widget elementor-widget-heading\" data-id=\"7c97bc42\" data-element_type=\"widget\" data-widget_type=\"heading.default\">\n\t\t\t\t<div class=\"elementor-widget-container\">\n\t\t\t\t\t<h1 class=\"elementor-heading-title elementor-size-default\">Join Our Team<\/h1>\t\t\t\t<\/div>\n\t\t\t\t<\/div>\n\t\t\t\t<div class=\"elementor-element elementor-element-f4cbe82 elementor-widget elementor-widget-heading\" data-id=\"f4cbe82\" data-element_type=\"widget\" data-widget_type=\"heading.default\">\n\t\t\t\t<div class=\"elementor-widget-container\">\n\t\t\t\t\t<h2 class=\"elementor-heading-title elementor-size-default\">Why Work with Us?<\/h2>\t\t\t\t<\/div>\n\t\t\t\t<\/div>\n\t\t\t\t<div class=\"elementor-element elementor-element-209765fb elementor-widget elementor-widget-text-editor\" data-id=\"209765fb\" data-element_type=\"widget\" data-widget_type=\"text-editor.default\">\n\t\t\t\t<div class=\"elementor-widget-container\">\n\t\t\t\t\t\t\t\t\t<p><span style=\"font-weight: 400;\">We are a dynamic and innovative company dedicated to beauty and well-being. Join us to be part of a passionate team and contribute to our shared success by providing high-quality cosmetic products.<\/span><\/p>\t\t\t\t\t\t\t\t<\/div>\n\t\t\t\t<\/div>\n\t\t\t\t\t<\/div>\n\t\t<\/div>\n\t\t\t\t<div class=\"elementor-column elementor-col-50 elementor-top-column elementor-element elementor-element-601cfff9\" data-id=\"601cfff9\" data-element_type=\"column\">\n\t\t\t<div class=\"elementor-widget-wrap elementor-element-populated\">\n\t\t\t\t\t\t<div class=\"elementor-element elementor-element-69c938db elementor-widget__width-initial elementor-widget elementor-widget-image\" data-id=\"69c938db\" data-element_type=\"widget\" data-widget_type=\"image.default\">\n\t\t\t\t<div class=\"elementor-widget-container\">\n\t\t\t\t\t\t\t\t\t\t\t\t\t\t\t<img fetchpriority=\"high\" decoding=\"async\" width=\"1000\" height=\"1000\" src=\"https:\/\/ilayacare.com\/wp-content\/uploads\/2022\/12\/101304031_padded_logo.png\" class=\"attachment-large size-large wp-image-10016\" alt=\"\" srcset=\"https:\/\/ilayacare.com\/wp-content\/uploads\/2022\/12\/101304031_padded_logo.png 1000w, https:\/\/ilayacare.com\/wp-content\/uploads\/2022\/12\/101304031_padded_logo-300x300.png 300w, https:\/\/ilayacare.com\/wp-content\/uploads\/2022\/12\/101304031_padded_logo-100x100.png 100w, https:\/\/ilayacare.com\/wp-content\/uploads\/2022\/12\/101304031_padded_logo-600x600.png 600w, https:\/\/ilayacare.com\/wp-content\/uploads\/2022\/12\/101304031_padded_logo-64x64.png 64w, https:\/\/ilayacare.com\/wp-content\/uploads\/2022\/12\/101304031_padded_logo-150x150.png 150w, https:\/\/ilayacare.com\/wp-content\/uploads\/2022\/12\/101304031_padded_logo-768x768.png 768w, https:\/\/ilayacare.com\/wp-content\/uploads\/2022\/12\/101304031_padded_logo-650x650.png 650w\" sizes=\"(max-width: 1000px) 100vw, 1000px\" title=\"\">\t\t\t\t\t\t\t\t\t\t\t\t\t\t\t<\/div>\n\t\t\t\t<\/div>\n\t\t\t\t\t<\/div>\n\t\t<\/div>\n\t\t\t\t\t<\/div>\n\t\t<\/section>\n\t\t\t\t<section class=\"elementor-section elementor-top-section elementor-element elementor-element-2ecee93 elementor-section-boxed elementor-section-height-default elementor-section-height-default qodef-elementor-content-no\" data-id=\"2ecee93\" data-element_type=\"section\">\n\t\t\t\t\t\t<div class=\"elementor-container elementor-column-gap-default\">\n\t\t\t\t\t<div class=\"elementor-column elementor-col-100 elementor-top-column elementor-element elementor-element-2b95e1a\" data-id=\"2b95e1a\" data-element_type=\"column\">\n\t\t\t<div class=\"elementor-widget-wrap elementor-element-populated\">\n\t\t\t\t\t\t<div class=\"elementor-element elementor-element-d744983 elementor-widget elementor-widget-text-editor\" data-id=\"d744983\" data-element_type=\"widget\" data-widget_type=\"text-editor.default\">\n\t\t\t\t<div class=\"elementor-widget-container\">\n\t\t\t\t\t\t\t\t\t<h4 style=\"text-align: left;\"><b>Job and Internship Opportunities<\/b><\/h4><h5 style=\"text-align: left;\"><b>Open Positions<\/b><\/h5><p style=\"text-align: left;\"><span style=\"font-weight: 400;\">Explore our current opportunities and find the job or internship that matches your skills and aspirations.<\/span><\/p><ul style=\"text-align: left;\"><li style=\"font-weight: 400;\" aria-level=\"1\"><span style=\"font-weight: 400;\">Beauty Advisor<\/span><span style=\"font-weight: 400;\"><br \/><\/span><span style=\"font-weight: 400;\">Description : conseiller, diriger, assurer nos clients sur les produits cosm\u00e9tiques adapt\u00e9s \u00e0 leurs besoins.<\/span><span style=\"font-weight: 400;\"><br \/><\/span><span style=\"font-weight: 400;\">Required Skills: Excellent knowledge of beauty products, strong customer service skills, effective communication.<\/span><\/li><li style=\"font-weight: 400;\" aria-level=\"1\"><span style=\"font-weight: 400;\">Marketing Manager<\/span><span style=\"font-weight: 400;\"><br \/><\/span><span style=\"font-weight: 400;\">Description: Lead our marketing campaigns to increase our visibility and impact in the cosmetics market.<\/span><span style=\"font-weight: 400;\"><br \/><\/span><span style=\"font-weight: 400;\">Required Skills: Experience in digital marketing, analytical skills, strategic mindset.<\/span><\/li><li style=\"font-weight: 400;\" aria-level=\"1\"><span style=\"font-weight: 400;\">Customer Relations Officer<\/span><span style=\"font-weight: 400;\"><br \/><\/span><span style=\"font-weight: 400;\">Description: Provide exceptional customer service and build customer loyalty.<\/span><span style=\"font-weight: 400;\"><br \/><\/span><span style=\"font-weight: 400;\">Required Skills: Excellent communication, customer service orientation, relationship management skills.<\/span><\/li><\/ul><h5 style=\"text-align: left;\"><b>Available Internships<\/b><\/h5><p style=\"text-align: left;\"><span style=\"font-weight: 400;\">We also offer internships for students and recent graduates who wish to gain valuable experience in the cosmetics industry.<\/span><\/p><ul><li style=\"font-weight: 400; text-align: left;\" aria-level=\"1\"><span style=\"font-weight: 400;\">Cosmetic Product Development Intern<\/span><span style=\"font-weight: 400;\"><br \/><\/span><span style=\"font-weight: 400;\">Description: Participate in the development and improvement of our cosmetic products.<\/span><span style=\"font-weight: 400;\"><br \/><\/span><span style=\"font-weight: 400;\">Required Skills: Knowledge of cosmetic ingredients, creativity, teamwork skills.<\/span><\/li><li style=\"font-weight: 400; text-align: left;\" aria-level=\"1\"><span style=\"font-weight: 400;\">Digital Marketing Intern<\/span><span style=\"font-weight: 400;\"><br \/><\/span><span style=\"font-weight: 400;\">Description: Contribute to our digital marketing campaigns and help strengthen our online presence.<\/span><span style=\"font-weight: 400;\"><br \/><\/span><span style=\"font-weight: 400;\">Required Skills: Knowledge of social media, analytical skills, creativity.<\/span><\/li><\/ul>\t\t\t\t\t\t\t\t<\/div>\n\t\t\t\t<\/div>\n\t\t\t\t\t<\/div>\n\t\t<\/div>\n\t\t\t\t\t<\/div>\n\t\t<\/section>\n\t\t\t\t<section class=\"elementor-section elementor-top-section elementor-element elementor-element-074b0e3 elementor-section-boxed elementor-section-height-default elementor-section-height-default qodef-elementor-content-no\" data-id=\"074b0e3\" data-element_type=\"section\">\n\t\t\t\t\t\t<div class=\"elementor-container elementor-column-gap-default\">\n\t\t\t\t\t<div class=\"elementor-column elementor-col-66 elementor-top-column elementor-element elementor-element-3ca9fc9\" data-id=\"3ca9fc9\" data-element_type=\"column\">\n\t\t\t<div class=\"elementor-widget-wrap elementor-element-populated\">\n\t\t\t\t\t\t<div class=\"elementor-element elementor-element-5775f8e elementor-widget elementor-widget-text-editor\" data-id=\"5775f8e\" data-element_type=\"widget\" data-widget_type=\"text-editor.default\">\n\t\t\t\t<div class=\"elementor-widget-container\">\n\t\t\t\t\t\t\t\t\t<h4><b>Benefits and Perks<\/b><\/h4><h5><b>Professional Development<\/b><\/h5><p><span style=\"font-weight: 400;\">We offer continuous training opportunities and career development to help you achieve your professional goals in the cosmetics industry.<\/span><\/p><h5><b>Pleasant Work Environment<\/b><\/h5><p><span style=\"font-weight: 400;\">Enjoy a modern and friendly work environment that fosters collaboration and innovation.<\/span><\/p><h5><b>Social Benefits<\/b><\/h5><p><span style=\"font-weight: 400;\">Enjoy various benefits such as health insurance, paid leave, and wellness programs.<\/span><\/p>\t\t\t\t\t\t\t\t<\/div>\n\t\t\t\t<\/div>\n\t\t\t\t\t<\/div>\n\t\t<\/div>\n\t\t\t\t<div class=\"elementor-column elementor-col-33 elementor-top-column elementor-element elementor-element-0e871f5\" data-id=\"0e871f5\" data-element_type=\"column\">\n\t\t\t<div class=\"elementor-widget-wrap elementor-element-populated\">\n\t\t\t\t\t\t<div class=\"elementor-element elementor-element-62578169 elementor-widget__width-initial elementor-widget elementor-widget-image\" data-id=\"62578169\" data-element_type=\"widget\" data-widget_type=\"image.default\">\n\t\t\t\t<div class=\"elementor-widget-container\">\n\t\t\t\t\t\t\t\t\t\t\t\t\t\t\t<img decoding=\"async\" width=\"1024\" height=\"1024\" src=\"https:\/\/ilayacare.com\/wp-content\/uploads\/2023\/11\/Coffret-ilayacare-6-1024x1024.jpeg\" class=\"attachment-large size-large wp-image-12810\" alt=\"\" srcset=\"https:\/\/ilayacare.com\/wp-content\/uploads\/2023\/11\/Coffret-ilayacare-6-1024x1024.jpeg 1024w, https:\/\/ilayacare.com\/wp-content\/uploads\/2023\/11\/Coffret-ilayacare-6-300x300.jpeg 300w, https:\/\/ilayacare.com\/wp-content\/uploads\/2023\/11\/Coffret-ilayacare-6-100x100.jpeg 100w, https:\/\/ilayacare.com\/wp-content\/uploads\/2023\/11\/Coffret-ilayacare-6-600x600.jpeg 600w, https:\/\/ilayacare.com\/wp-content\/uploads\/2023\/11\/Coffret-ilayacare-6-64x64.jpeg 64w, https:\/\/ilayacare.com\/wp-content\/uploads\/2023\/11\/Coffret-ilayacare-6-150x150.jpeg 150w, https:\/\/ilayacare.com\/wp-content\/uploads\/2023\/11\/Coffret-ilayacare-6-768x768.jpeg 768w, https:\/\/ilayacare.com\/wp-content\/uploads\/2023\/11\/Coffret-ilayacare-6-650x650.jpeg 650w, https:\/\/ilayacare.com\/wp-content\/uploads\/2023\/11\/Coffret-ilayacare-6.jpeg 1080w\" sizes=\"(max-width: 1024px) 100vw, 1024px\" title=\"\">\t\t\t\t\t\t\t\t\t\t\t\t\t\t\t<\/div>\n\t\t\t\t<\/div>\n\t\t\t\t\t<\/div>\n\t\t<\/div>\n\t\t\t\t\t<\/div>\n\t\t<\/section>\n\t\t\t\t<section class=\"elementor-section elementor-top-section elementor-element elementor-element-c1e35c3 elementor-section-boxed elementor-section-height-default elementor-section-height-default qodef-elementor-content-no\" data-id=\"c1e35c3\" data-element_type=\"section\">\n\t\t\t\t\t\t<div class=\"elementor-container elementor-column-gap-default\">\n\t\t\t\t\t<div class=\"elementor-column elementor-col-100 elementor-top-column elementor-element elementor-element-407f055\" data-id=\"407f055\" data-element_type=\"column\">\n\t\t\t<div class=\"elementor-widget-wrap elementor-element-populated\">\n\t\t\t\t\t\t<div class=\"elementor-element elementor-element-3446e8a elementor-widget elementor-widget-text-editor\" data-id=\"3446e8a\" data-element_type=\"widget\" data-widget_type=\"text-editor.default\">\n\t\t\t\t<div class=\"elementor-widget-container\">\n\t\t\t\t\t\t\t\t\t<h4 style=\"text-align: left;\"><b>How to Apply ?<\/b><\/h4><h5 style=\"text-align: left;\"><b>Recruitment Process<\/b><\/h5><ol style=\"text-align: left;\"><li style=\"font-weight: 400;\" aria-level=\"1\"><span style=\"font-weight: 400;\">Soumission de Candidature : Envoyez votre CV et lettre de motivation \u00e0 recrutement@ilayacare.com .<\/span><\/li><li style=\"font-weight: 400;\" aria-level=\"1\"><span style=\"font-weight: 400;\">Phone Interview: If your profile matches, we will contact you for a phone interview.<\/span><\/li><li style=\"font-weight: 400;\" aria-level=\"1\"><span style=\"font-weight: 400;\">In-Person Interview: Meet our team to discuss your application in detail.<\/span><\/li><li style=\"font-weight: 400;\" aria-level=\"1\"><span style=\"font-weight: 400;\">Final Decision: We will inform you of our decision as soon as possible.<\/span><\/li><\/ol><h5 style=\"text-align: left;\"><b>Internship Application Process<\/b><\/h5><ol><li style=\"font-weight: 400; text-align: left;\" aria-level=\"1\"><span style=\"font-weight: 400;\">Soumission de Candidature : Envoyez votre CV et lettre de motivation \u00e0 recrutement@ilayacare.com en pr\u00e9cisant le stage souhait\u00e9.<\/span><\/li><li style=\"font-weight: 400; text-align: left;\" aria-level=\"1\"><span style=\"font-weight: 400;\">Phone Interview: If your profile matches, we will contact you for a phone interview.<\/span><\/li><li style=\"font-weight: 400; text-align: left;\" aria-level=\"1\"><span style=\"font-weight: 400;\">In-Person Interview: Meet our team to discuss your application in detail.<\/span><\/li><li style=\"font-weight: 400; text-align: left;\" aria-level=\"1\"><span style=\"font-weight: 400;\">Final Decision: We will inform you of our decision as soon as possible.<\/span><\/li><\/ol>\t\t\t\t\t\t\t\t<\/div>\n\t\t\t\t<\/div>\n\t\t\t\t\t<\/div>\n\t\t<\/div>\n\t\t\t\t\t<\/div>\n\t\t<\/section>\n\t\t\t\t<\/div>","protected":false},"excerpt":{"rendered":"<p>Rejoignez Notre \u00c9quipe Pourquoi Travailler avec Nous ? Nous sommes une entreprise dynamique et innovante, d\u00e9di\u00e9e \u00e0 la beaut\u00e9 et au bien-\u00eatre. Rejoignez-nous pour faire partie d&rsquo;une \u00e9quipe passionn\u00e9e et contribuer \u00e0 notre succ\u00e8s commun en offrant des produits cosm\u00e9tiques de haute qualit\u00e9. Offres d&rsquo;Emploi et Stages Postes Ouverts D\u00e9couvrez nos opportunit\u00e9s actuelles et trouvez [&hellip;]<\/p>","protected":false},"author":1,"featured_media":0,"parent":0,"menu_order":0,"comment_status":"closed","ping_status":"closed","template":"","meta":{"_et_pb_use_builder":"","_et_pb_old_content":"","_et_gb_content_width":"","_joinchat":[],"footnotes":""},"class_list":["post-13187","page","type-page","status-publish","hentry"],"_links":{"self":[{"href":"https:\/\/ilayacare.com\/en\/wp-json\/wp\/v2\/pages\/13187","targetHints":{"allow":["GET"]}}],"collection":[{"href":"https:\/\/ilayacare.com\/en\/wp-json\/wp\/v2\/pages"}],"about":[{"href":"https:\/\/ilayacare.com\/en\/wp-json\/wp\/v2\/types\/page"}],"author":[{"embeddable":true,"href":"https:\/\/ilayacare.com\/en\/wp-json\/wp\/v2\/users\/1"}],"replies":[{"embeddable":true,"href":"https:\/\/ilayacare.com\/en\/wp-json\/wp\/v2\/comments?post=13187"}],"version-history":[{"count":0,"href":"https:\/\/ilayacare.com\/en\/wp-json\/wp\/v2\/pages\/13187\/revisions"}],"wp:attachment":[{"href":"https:\/\/ilayacare.com\/en\/wp-json\/wp\/v2\/media?parent=13187"}],"curies":[{"name":"wp","href":"https:\/\/api.w.org\/{rel}","templated":true}]}}