{"id":308,"date":"2022-11-07T21:18:25","date_gmt":"2022-11-07T20:18:25","guid":{"rendered":"https:\/\/ilayacare.com\/cart\/"},"modified":"2025-08-28T23:16:23","modified_gmt":"2025-08-28T22:16:23","slug":"panier","status":"publish","type":"page","link":"https:\/\/ilayacare.com\/en\/panier\/","title":{"rendered":"PANIER"},"content":{"rendered":"<div data-elementor-type=\"wp-page\" data-elementor-id=\"308\" class=\"elementor elementor-308\" data-elementor-post-type=\"page\">\n\t\t\t\t\t\t<section class=\"elementor-section elementor-top-section elementor-element elementor-element-b536ebe elementor-section-boxed elementor-section-height-default elementor-section-height-default qodef-elementor-content-no\" data-id=\"b536ebe\" data-element_type=\"section\">\n\t\t\t\t\t\t<div class=\"elementor-container elementor-column-gap-default\">\n\t\t\t\t\t<div class=\"elementor-column elementor-col-100 elementor-top-column elementor-element elementor-element-c70f8c2\" data-id=\"c70f8c2\" data-element_type=\"column\">\n\t\t\t<div class=\"elementor-widget-wrap elementor-element-populated\">\n\t\t\t\t\t\t<div class=\"elementor-element elementor-element-2b56a92 elementor-widget elementor-widget-heading\" data-id=\"2b56a92\" data-element_type=\"widget\" data-widget_type=\"heading.default\">\n\t\t\t\t<div class=\"elementor-widget-container\">\n\t\t\t\t\t<h5 class=\"elementor-heading-title elementor-size-default\">D\u00e9couvrez le panier ILAYA CARE et offrez-vous des soins de qualit\u00e9 sup\u00e9rieure. Commandez d\u00e8s maintenant et profitez d'une exp\u00e9rience unique.<\/h5>\t\t\t\t<\/div>\n\t\t\t\t<\/div>\n\t\t\t\t\t<\/div>\n\t\t<\/div>\n\t\t\t\t\t<\/div>\n\t\t<\/section>\n\t\t\t\t<section class=\"elementor-section elementor-top-section elementor-element elementor-element-75b659a9 elementor-section-full_width elementor-section-height-default elementor-section-height-default qodef-elementor-content-no\" data-id=\"75b659a9\" data-element_type=\"section\">\n\t\t\t\t\t\t<div class=\"elementor-container elementor-column-gap-default\">\n\t\t\t\t\t<div class=\"elementor-column elementor-col-100 elementor-top-column elementor-element elementor-element-2515f4c2\" data-id=\"2515f4c2\" data-element_type=\"column\">\n\t\t\t<div class=\"elementor-widget-wrap elementor-element-populated\">\n\t\t\t\t\t\t<div class=\"elementor-element elementor-element-d4635cc elementor-widget elementor-widget-text-editor\" data-id=\"d4635cc\" data-element_type=\"widget\" data-widget_type=\"text-editor.default\">\n\t\t\t\t<div class=\"elementor-widget-container\">\n\t\t\t\t\t\t\t\t\t<p style=\"text-align: center;\">\n\n<figure class=\"wp-block-image size-large is-resized\"><img decoding=\"async\" class=\"wp-image-10297 aligncenter\" src=\"https:\/\/ilayacare.com\/wp-content\/uploads\/2022\/12\/logo-cmi-visa-mastercard-maroc-lcdmaroc-1024x148.png\" alt=\"\" width=\"147\" height=\"21\" title=\"\" srcset=\"https:\/\/ilayacare.com\/wp-content\/uploads\/2022\/12\/logo-cmi-visa-mastercard-maroc-lcdmaroc-1024x148.png 1024w, https:\/\/ilayacare.com\/wp-content\/uploads\/2022\/12\/logo-cmi-visa-mastercard-maroc-lcdmaroc-600x87.png 600w, https:\/\/ilayacare.com\/wp-content\/uploads\/2022\/12\/logo-cmi-visa-mastercard-maroc-lcdmaroc-64x9.png 64w, https:\/\/ilayacare.com\/wp-content\/uploads\/2022\/12\/logo-cmi-visa-mastercard-maroc-lcdmaroc-300x43.png 300w, https:\/\/ilayacare.com\/wp-content\/uploads\/2022\/12\/logo-cmi-visa-mastercard-maroc-lcdmaroc-768x111.png 768w, https:\/\/ilayacare.com\/wp-content\/uploads\/2022\/12\/logo-cmi-visa-mastercard-maroc-lcdmaroc-1300x190.png 1300w, https:\/\/ilayacare.com\/wp-content\/uploads\/2022\/12\/logo-cmi-visa-mastercard-maroc-lcdmaroc.png 1314w\" sizes=\"(max-width: 147px) 100vw, 147px\" \/><\/figure>\n\t\t\t\t\t\t\t\t<\/div>\n\t\t\t\t<\/div>\n\t\t\t\t\t<\/div>\n\t\t<\/div>\n\t\t\t\t\t<\/div>\n\t\t<\/section>\n\t\t\t\t<\/div>","protected":false},"excerpt":{"rendered":"<p>D\u00e9couvrez le panier ILAYA CARE et offrez-vous des soins de qualit\u00e9 sup\u00e9rieure. Commandez d\u00e8s maintenant et profitez d&rsquo;une exp\u00e9rience unique.<\/p>","protected":false},"author":1,"featured_media":0,"parent":0,"menu_order":0,"comment_status":"closed","ping_status":"closed","template":"","meta":{"_et_pb_use_builder":"","_et_pb_old_content":"","_et_gb_content_width":"","_joinchat":[],"footnotes":""},"class_list":["post-308","page","type-page","status-publish","hentry"],"_links":{"self":[{"href":"https:\/\/ilayacare.com\/en\/wp-json\/wp\/v2\/pages\/308","targetHints":{"allow":["GET"]}}],"collection":[{"href":"https:\/\/ilayacare.com\/en\/wp-json\/wp\/v2\/pages"}],"about":[{"href":"https:\/\/ilayacare.com\/en\/wp-json\/wp\/v2\/types\/page"}],"author":[{"embeddable":true,"href":"https:\/\/ilayacare.com\/en\/wp-json\/wp\/v2\/users\/1"}],"replies":[{"embeddable":true,"href":"https:\/\/ilayacare.com\/en\/wp-json\/wp\/v2\/comments?post=308"}],"version-history":[{"count":0,"href":"https:\/\/ilayacare.com\/en\/wp-json\/wp\/v2\/pages\/308\/revisions"}],"wp:attachment":[{"href":"https:\/\/ilayacare.com\/en\/wp-json\/wp\/v2\/media?parent=308"}],"curies":[{"name":"wp","href":"https:\/\/api.w.org\/{rel}","templated":true}]}}