{"id":13350,"date":"2024-07-09T19:36:53","date_gmt":"2024-07-09T18:36:53","guid":{"rendered":"https:\/\/ilayacare.com\/?post_type=product&#038;p=13350"},"modified":"2024-10-05T16:06:41","modified_gmt":"2024-10-05T15:06:41","slug":"coffret-beaute-eclatante","status":"publish","type":"product","link":"https:\/\/ilayacare.com\/en\/coffret-beaute-eclatante\/","title":{"rendered":"Coffret Beaut\u00e9 \u00c9clatante"},"content":{"rendered":"<p class=\"p1\">Gommage \u00e9clat Purifiant &amp; Anti-\u00e2ge : Un gommage qui exfolie en douceur, purifie et lutte contre les signes de l&rsquo;\u00e2ge, r\u00e9v\u00e9lant une peau \u00e9clatante.<\/p>\n<p class=\"p1\">Masque d\u2019argile rouge illuminateur &amp; anti-\u00e2ge : Un masque \u00e0 l&rsquo;argile rouge qui illumine le teint et r\u00e9duit l&rsquo;apparence des rides.<\/p>\n<p class=\"p1\">Gel nettoyant visage &amp; r\u00e9\u00e9quilibrant : Un gel nettoyant doux qui purifie et r\u00e9\u00e9quilibre la peau, laissant une sensation de fra\u00eecheur et de propret\u00e9.<\/p>","protected":false},"excerpt":{"rendered":"<p class=\"p1\">Coffret Beaut\u00e9 \u00c9clatante : Purification, Illumination et R\u00e9\u00e9quilibrage. Comprend un gommage \u00e9clat purifiant &amp; anti-\u00e2ge, un masque d\u2019argile rouge illuminateur &amp; anti-\u00e2ge, et un gel nettoyant visage r\u00e9\u00e9quilibrant.<\/p>","protected":false},"featured_media":13351,"template":"","meta":{"_et_pb_use_builder":"","_et_pb_old_content":"","_et_gb_content_width":"","_joinchat":[]},"product_brand":[],"product_cat":[288],"product_tag":[],"class_list":{"0":"post-13350","1":"product","2":"type-product","3":"status-publish","4":"has-post-thumbnail","6":"product_cat-coffrets","8":"first","9":"instock","10":"shipping-taxable","11":"purchasable","12":"product-type-simple","13":"add-to-wishlist-after_add_to_cart"},"_links":{"self":[{"href":"https:\/\/ilayacare.com\/en\/wp-json\/wp\/v2\/product\/13350","targetHints":{"allow":["GET"]}}],"collection":[{"href":"https:\/\/ilayacare.com\/en\/wp-json\/wp\/v2\/product"}],"about":[{"href":"https:\/\/ilayacare.com\/en\/wp-json\/wp\/v2\/types\/product"}],"version-history":[{"count":0,"href":"https:\/\/ilayacare.com\/en\/wp-json\/wp\/v2\/product\/13350\/revisions"}],"wp:featuredmedia":[{"embeddable":true,"href":"https:\/\/ilayacare.com\/en\/wp-json\/wp\/v2\/media\/13351"}],"wp:attachment":[{"href":"https:\/\/ilayacare.com\/en\/wp-json\/wp\/v2\/media?parent=13350"}],"wp:term":[{"taxonomy":"product_brand","embeddable":true,"href":"https:\/\/ilayacare.com\/en\/wp-json\/wp\/v2\/product_brand?post=13350"},{"taxonomy":"product_cat","embeddable":true,"href":"https:\/\/ilayacare.com\/en\/wp-json\/wp\/v2\/product_cat?post=13350"},{"taxonomy":"product_tag","embeddable":true,"href":"https:\/\/ilayacare.com\/en\/wp-json\/wp\/v2\/product_tag?post=13350"}],"curies":[{"name":"wp","href":"https:\/\/api.w.org\/{rel}","templated":true}]}}