{"id":13450,"date":"2024-12-23T15:00:29","date_gmt":"2024-12-23T14:00:29","guid":{"rendered":"https:\/\/ilayacare.com\/?post_type=product&#038;p=13450"},"modified":"2024-12-23T15:00:30","modified_gmt":"2024-12-23T14:00:30","slug":"all-pack-la-gamme-complete-en-une-box","status":"publish","type":"product","link":"https:\/\/ilayacare.com\/en\/all-pack-la-gamme-complete-en-une-box\/","title":{"rendered":"All Pack &#8211; La gamme compl\u00e8te en une box"},"content":{"rendered":"<p>Offrez \u00e0 votre peau le meilleur avec l&rsquo;All Pack d&rsquo;IlayaCare. Ce coffret r\u00e9unit <strong>tous nos produits phares<\/strong> pour une routine compl\u00e8te et efficace, adapt\u00e9e \u00e0 tous les types de peau.<\/p>\n<p>&nbsp;<\/p>\n<p><strong>Ce coffret comprend :<\/strong><\/p>\n<ul>\n<li><b>\u00a0GEL NETTOYANT VISAGE PURIFIANT &amp; R\u00c9-\u00c9QUILIBRANT \u2013 200ML \u2013<\/b><\/li>\n<li><b>SOIN DES YEUX ANTI-CERNES &amp; ANTI-\u00c2GE \u2013 15ML \u2013<\/b><\/li>\n<li><b>GOMMAGE \u00c9CLAT PURIFIANT &amp; ANTI-\u00c2GE \u2013 100ML \u2013<\/b><\/li>\n<li><b>CR\u00c8ME DE JOUR ACTIVATRICE DE JEUNESSE \u2013 50ML \u2013<\/b><\/li>\n<li><b>MASQUE D\u2019ARGILE ROUGE ILLUMINATEUR &amp; ANTI-\u00c2GE -100ML-<\/b><\/li>\n<li><b>SAVON SOIN TONIFIANT &amp; ANTI-OXYDANT \u2013 90G \u2013<\/b><\/li>\n<li><b>HUILE PR\u00c9CIEUSE MASSAGE, SOIN &amp; HYDRATATION \u2013 250ML \u2013<\/b><\/li>\n<li><b>CR\u00c8ME DE NUIT REPULPANTE &amp; ANTI-\u00c2GE \u2013 50ML \u2013<\/b><\/li>\n<li><b>LAIT VELOURS D\u00c9MAQUILLANT WATERPROOF \u2013 200ML \u2013<\/b><\/li>\n<li><b>BAUME CORPOREL \u2013 HYDRATANT &amp; TONIFIANT \u2013 200ML<\/b><\/li>\n<li><b>TI-OXYDANT \u2013 90G \u2013<\/b><\/li>\n<li><b>HUILE PR\u00c9CIEUSE MASSAGE, SOIN &amp; HYDRATATION \u2013 250ML \u2013<br \/>\n<\/b><\/li>\n<\/ul>\n<p><strong>Avantages :<\/strong><\/p>\n<ul>\n<li>Une solution tout-en-un pour une peau \u00e9clatante et nourrie.<\/li>\n<li>\u00c9conomisez en optant pour ce coffret au prix r\u00e9duit.<\/li>\n<li>Id\u00e9al pour d\u00e9couvrir toute notre gamme ou comme cadeau exceptionnel.<\/li>\n<\/ul>\n<p><strong>Prix sp\u00e9cial :<\/strong> <strong>1649 DH<\/strong><br \/>\n<strong>Livraison gratuite<\/strong> sur toutes les commandes de ce coffret.<\/p>","protected":false},"excerpt":{"rendered":"<p>D\u00e9couvrez le All Pack d&rsquo;IlayaCare, une box r\u00e9unissant tous nos produits phares pour une routine beaut\u00e9 compl\u00e8te. Offrez \u00e0 votre peau un soin naturel et efficace. Livraison gratuite !<\/p>","protected":false},"featured_media":13451,"template":"","meta":{"_et_pb_use_builder":"","_et_pb_old_content":"","_et_gb_content_width":"","_joinchat":[]},"product_brand":[],"product_cat":[288],"product_tag":[],"class_list":{"0":"post-13450","1":"product","2":"type-product","3":"status-publish","4":"has-post-thumbnail","6":"product_cat-coffrets","8":"first","9":"instock","10":"shipping-taxable","11":"purchasable","12":"product-type-simple","13":"add-to-wishlist-after_add_to_cart"},"_links":{"self":[{"href":"https:\/\/ilayacare.com\/en\/wp-json\/wp\/v2\/product\/13450","targetHints":{"allow":["GET"]}}],"collection":[{"href":"https:\/\/ilayacare.com\/en\/wp-json\/wp\/v2\/product"}],"about":[{"href":"https:\/\/ilayacare.com\/en\/wp-json\/wp\/v2\/types\/product"}],"version-history":[{"count":0,"href":"https:\/\/ilayacare.com\/en\/wp-json\/wp\/v2\/product\/13450\/revisions"}],"wp:featuredmedia":[{"embeddable":true,"href":"https:\/\/ilayacare.com\/en\/wp-json\/wp\/v2\/media\/13451"}],"wp:attachment":[{"href":"https:\/\/ilayacare.com\/en\/wp-json\/wp\/v2\/media?parent=13450"}],"wp:term":[{"taxonomy":"product_brand","embeddable":true,"href":"https:\/\/ilayacare.com\/en\/wp-json\/wp\/v2\/product_brand?post=13450"},{"taxonomy":"product_cat","embeddable":true,"href":"https:\/\/ilayacare.com\/en\/wp-json\/wp\/v2\/product_cat?post=13450"},{"taxonomy":"product_tag","embeddable":true,"href":"https:\/\/ilayacare.com\/en\/wp-json\/wp\/v2\/product_tag?post=13450"}],"curies":[{"name":"wp","href":"https:\/\/api.w.org\/{rel}","templated":true}]}}