{"id":13454,"date":"2024-12-23T15:17:31","date_gmt":"2024-12-23T14:17:31","guid":{"rendered":"https:\/\/ilayacare.com\/?post_type=product&#038;p=13454"},"modified":"2024-12-23T15:19:58","modified_gmt":"2024-12-23T14:19:58","slug":"discovery-pack","status":"publish","type":"product","link":"https:\/\/ilayacare.com\/en\/discovery-pack\/","title":{"rendered":"Discovery Pack &#8211; Explorez la beaut\u00e9 au naturel"},"content":{"rendered":"<div class=\"flex-shrink-0 flex flex-col relative items-end\">\n<div>\n<div class=\"pt-0\">\n<div class=\"gizmo-bot-avatar flex h-8 w-8 items-center justify-center overflow-hidden rounded-full\">\n<div class=\"relative p-1 rounded-sm flex items-center justify-center bg-token-main-surface-primary text-token-text-primary h-8 w-8\">Faites le premier pas vers une peau \u00e9clatante avec notre <strong>Discovery Pack<\/strong>, une s\u00e9lection de soins essentiels pour d\u00e9couvrir l&rsquo;excellence d&rsquo;IlayaCare. Id\u00e9al pour un usage quotidien ou comme introduction \u00e0 notre gamme.<\/div>\n<\/div>\n<\/div>\n<\/div>\n<\/div>\n<div class=\"group\/conversation-turn relative flex w-full min-w-0 flex-col agent-turn\">\n<div class=\"flex-col gap-1 md:gap-3\">\n<div class=\"flex max-w-full flex-col flex-grow\">\n<div class=\"min-h-8 text-message flex w-full flex-col items-end gap-2 whitespace-normal break-words text-start [.text-message+&amp;]:mt-5\" dir=\"auto\" data-message-author-role=\"assistant\" data-message-id=\"8101ef38-c3ff-45ef-bf8a-a642a8a7886f\" data-message-model-slug=\"gpt-4o\">\n<div class=\"flex w-full flex-col gap-1 empty:hidden first:pt-[3px]\">\n<div class=\"markdown prose w-full break-words dark:prose-invert dark\">\n<p><strong>Ce pack comprend :<\/strong><\/p>\n<ol>\n<li><strong>Gel nettoyant visage<\/strong> \u2013 Nettoie en profondeur tout en respectant l&rsquo;\u00e9quilibre naturel de la peau.<\/li>\n<li><strong>Soin des yeux<\/strong> \u2013 R\u00e9duit les cernes et les poches pour un regard repos\u00e9 et lumineux.<\/li>\n<li><strong>Baume<\/strong> \u2013 Nourrit et apaise intens\u00e9ment la peau, id\u00e9al pour les zones s\u00e8ches.<\/li>\n<\/ol>\n<p><strong>Pourquoi choisir le Discovery Pack ?<\/strong><\/p>\n<ul>\n<li>Une routine simplifi\u00e9e et efficace pour tous les types de peau.<\/li>\n<li>Format compact, parfait pour les voyages ou une premi\u00e8re d\u00e9couverte.<\/li>\n<li>Un excellent rapport qualit\u00e9-prix pour tester nos soins phares.<\/li>\n<\/ul>\n<p><strong>Prix sp\u00e9cial :<\/strong> <strong>449 DH<\/strong><br \/>\n<strong>Livraison gratuite<\/strong> pour ce pack.<\/p>\n<\/div>\n<\/div>\n<\/div>\n<\/div>\n<\/div>\n<\/div>","protected":false},"excerpt":{"rendered":"<p>Testez le Discovery Pack d&rsquo;IlayaCare : Gel nettoyant visage, Soin des yeux et Baume. D\u00e9couvrez des soins essentiels pour une peau \u00e9clatante et hydrat\u00e9e. Livraison gratuite !<\/p>","protected":false},"featured_media":13455,"template":"","meta":{"_et_pb_use_builder":"","_et_pb_old_content":"","_et_gb_content_width":"","_joinchat":[]},"product_brand":[],"product_cat":[288],"product_tag":[],"class_list":{"0":"post-13454","1":"product","2":"type-product","3":"status-publish","4":"has-post-thumbnail","6":"product_cat-coffrets","8":"first","9":"instock","10":"shipping-taxable","11":"purchasable","12":"product-type-simple","13":"add-to-wishlist-after_add_to_cart"},"_links":{"self":[{"href":"https:\/\/ilayacare.com\/en\/wp-json\/wp\/v2\/product\/13454","targetHints":{"allow":["GET"]}}],"collection":[{"href":"https:\/\/ilayacare.com\/en\/wp-json\/wp\/v2\/product"}],"about":[{"href":"https:\/\/ilayacare.com\/en\/wp-json\/wp\/v2\/types\/product"}],"version-history":[{"count":0,"href":"https:\/\/ilayacare.com\/en\/wp-json\/wp\/v2\/product\/13454\/revisions"}],"wp:featuredmedia":[{"embeddable":true,"href":"https:\/\/ilayacare.com\/en\/wp-json\/wp\/v2\/media\/13455"}],"wp:attachment":[{"href":"https:\/\/ilayacare.com\/en\/wp-json\/wp\/v2\/media?parent=13454"}],"wp:term":[{"taxonomy":"product_brand","embeddable":true,"href":"https:\/\/ilayacare.com\/en\/wp-json\/wp\/v2\/product_brand?post=13454"},{"taxonomy":"product_cat","embeddable":true,"href":"https:\/\/ilayacare.com\/en\/wp-json\/wp\/v2\/product_cat?post=13454"},{"taxonomy":"product_tag","embeddable":true,"href":"https:\/\/ilayacare.com\/en\/wp-json\/wp\/v2\/product_tag?post=13454"}],"curies":[{"name":"wp","href":"https:\/\/api.w.org\/{rel}","templated":true}]}}